{"id":7,"date":"2022-05-18T07:34:42","date_gmt":"2022-05-18T07:34:42","guid":{"rendered":"http:\/\/pachuckidevelopment.pl\/?page_id=7"},"modified":"2022-06-23T07:34:43","modified_gmt":"2022-06-23T07:34:43","slug":"strona-glowna","status":"publish","type":"page","link":"https:\/\/pachuckidevelopment.pl\/","title":{"rendered":"Strona g\u0142\u00f3wna"},"content":{"rendered":"\n<div class=\"wp-block-cover alignfull\" style=\"min-height:700px;aspect-ratio:unset;\"><span aria-hidden=\"true\" class=\"has-background-dim-0 wp-block-cover__gradient-background has-background-dim\"><\/span><img loading=\"lazy\" decoding=\"async\" width=\"2560\" height=\"1440\" class=\"wp-block-cover__image-background wp-image-34\" alt=\"\" src=\"http:\/\/pachuckidevelopment.pl\/wp-content\/uploads\/2022\/05\/1_6-Zdjecie-czerwone-scaled.jpg\" style=\"object-position:50% 64%\" data-object-fit=\"cover\" data-object-position=\"50% 64%\" srcset=\"https:\/\/pachuckidevelopment.pl\/wp-content\/uploads\/2022\/05\/1_6-Zdjecie-czerwone-scaled.jpg 2560w, https:\/\/pachuckidevelopment.pl\/wp-content\/uploads\/2022\/05\/1_6-Zdjecie-czerwone-300x169.jpg 300w, https:\/\/pachuckidevelopment.pl\/wp-content\/uploads\/2022\/05\/1_6-Zdjecie-czerwone-1024x576.jpg 1024w, https:\/\/pachuckidevelopment.pl\/wp-content\/uploads\/2022\/05\/1_6-Zdjecie-czerwone-768x432.jpg 768w, https:\/\/pachuckidevelopment.pl\/wp-content\/uploads\/2022\/05\/1_6-Zdjecie-czerwone-1536x864.jpg 1536w, https:\/\/pachuckidevelopment.pl\/wp-content\/uploads\/2022\/05\/1_6-Zdjecie-czerwone-2048x1152.jpg 2048w\" sizes=\"auto, (max-width: 2560px) 100vw, 2560px\" \/><div class=\"wp-block-cover__inner-container is-layout-flow wp-block-cover-is-layout-flow\">\n<div style=\"height:80px\" aria-hidden=\"true\" class=\"wp-block-spacer\"><\/div>\n\n\n\n<h1 class=\"has-text-align-center has-nv-text-dark-bg-color has-text-color wp-block-heading\"><strong>Pachucki Development<\/strong><\/h1>\n\n\n\n<p class=\"has-text-align-center has-nv-text-dark-bg-color has-text-color\" style=\"font-size:40px\">Budujemy z my\u015bl\u0105 o Tobie<\/p>\n\n\n\n<div class=\"wp-block-buttons is-content-justification-center is-layout-flex wp-container-core-buttons-is-layout-16018d1d wp-block-buttons-is-layout-flex\"><\/div>\n\n\n\n<div style=\"height:80px\" aria-hidden=\"true\" class=\"wp-block-spacer\"><\/div>\n\n\n\n<div style=\"height:80px\" aria-hidden=\"true\" class=\"wp-block-spacer\"><\/div>\n<\/div><\/div>\n\n\n\n<div class=\"wp-block-cover alignfull\" style=\"min-height:600px;aspect-ratio:unset;\"><span aria-hidden=\"true\" class=\"has-nv-light-bg-background-color has-background-dim-100 wp-block-cover__gradient-background has-background-dim\"><\/span><div class=\"wp-block-cover__inner-container is-layout-flow wp-block-cover-is-layout-flow\">\n<div class=\"wp-block-group\"><div class=\"wp-block-group__inner-container is-layout-flow wp-block-group-is-layout-flow\">\n<div style=\"height:80px\" aria-hidden=\"true\" class=\"wp-block-spacer\"><\/div>\n\n\n\n<div class=\"wp-block-columns are-vertically-aligned-center is-layout-flex wp-container-core-columns-is-layout-9d6595d7 wp-block-columns-is-layout-flex\">\n<div class=\"wp-block-column is-vertically-aligned-center is-layout-flow wp-block-column-is-layout-flow\" style=\"flex-basis:50%\">\n<figure class=\"wp-block-image size-full is-resized\"><img loading=\"lazy\" decoding=\"async\" src=\"http:\/\/pachuckidevelopment.pl\/wp-content\/uploads\/2022\/05\/pachucki-logo-1.png\" alt=\"\" class=\"wp-image-48\" width=\"435\" height=\"143\"\/><\/figure>\n<\/div>\n\n\n\n<div class=\"wp-block-column is-vertically-aligned-center is-layout-flow wp-block-column-is-layout-flow\" style=\"flex-basis:50%\">\n<div style=\"height:20px\" aria-hidden=\"true\" class=\"wp-block-spacer\"><\/div>\n\n\n\n<h2 class=\"has-neve-link-color-color has-text-color wp-block-heading\">Pachucki Development<\/h2>\n\n\n\n<p class=\"has-neve-link-color-color has-text-color\"><strong>Pachucki Development<\/strong>&nbsp;to rodzinna sp\u00f3\u0142ka deweloperska, inwestor stoj\u0105cy za sukcesem Osiedla Nowoczesnego \u2013 innowacyjnego osiedla mieszkaniowego zrealizowanego w Biskupcu przy Alei Broni, w bezpo\u015brednim s\u0105siedztwie nowo-budowanego budynku wielorodzinnego. Deweloper pochodzi z Biskupca i znany jest z terminowo\u015bci i jako\u015bci prac.<\/p>\n\n\n\n<p class=\"has-neve-link-color-color has-text-color\">W&nbsp;<strong>Pachucki Development<\/strong>&nbsp;zwraca si\u0119 szczeg\u00f3ln\u0105 uwag\u0119, by&nbsp;realizowa\u0107 inwestycje zgodnie z&nbsp;wytycznymi chroni\u0105cej klient\u00f3w ustawy deweloperskiej. Realizacja budowy mieszkania odbywa si\u0119 w oparciu o notarialn\u0105 umow\u0119 dewelopersk\u0105, a interesy przysz\u0142ego mieszka\u0144ca zabezpiecza wpis do ksi\u0105g wieczystych gruntu, na kt\u00f3rym powstaje budynek. Wp\u0142at na mieszkanie dokonuje si\u0119 transzami, zgodnie z post\u0119pem prac na budowie.<\/p>\n\n\n\n<div class=\"wp-block-buttons is-content-justification-left is-layout-flex wp-container-core-buttons-is-layout-fdcfc74e wp-block-buttons-is-layout-flex\"><\/div>\n<\/div>\n<\/div>\n\n\n\n<div style=\"height:40px\" aria-hidden=\"true\" class=\"wp-block-spacer\"><\/div>\n<\/div><\/div>\n<\/div><\/div>\n\n\n\n<div class=\"wp-block-cover alignfull\" style=\"min-height:600px;aspect-ratio:unset;\"><span aria-hidden=\"true\" class=\"has-background-dim-100 wp-block-cover__gradient-background has-background-dim\" style=\"background-color:#f1471d\"><\/span><div class=\"wp-block-cover__inner-container is-layout-flow wp-block-cover-is-layout-flow\">\n<div class=\"wp-block-group\"><div class=\"wp-block-group__inner-container is-layout-flow wp-block-group-is-layout-flow\">\n<div style=\"height:80px\" aria-hidden=\"true\" class=\"wp-block-spacer\"><\/div>\n\n\n\n<div class=\"wp-block-columns are-vertically-aligned-center is-layout-flex wp-container-core-columns-is-layout-9d6595d7 wp-block-columns-is-layout-flex\">\n<div class=\"wp-block-column is-vertically-aligned-center is-layout-flow wp-block-column-is-layout-flow\" style=\"flex-basis:50%\">\n<h2 class=\"wp-block-heading\">Generalny wykonawca<\/h2>\n\n\n\n<p>Generalnym wykonawc\u0105 projekt\u00f3w, jest zwi\u0105zana z Deweloperem rodzinna firma budowlana o d\u0142ugich tradycjach \u2013&nbsp;<strong>Us\u0142ugi Budowlano-Instalacyjne Piotr Pachucki<\/strong>.<\/p>\n\n\n\n<p>Przedsi\u0119biorstwo dzia\u0142a na rynku budowlanym ju\u017c od 1996 roku. Za wykonanie sp\u00f3jnej i przyjaznej mieszka\u0144com koncepcji nowoczesnego osiedla mieszkaniowego, firma UBI Piotra Pachuckiego zosta\u0142a wyr\u00f3\u017cniona god\u0142em INWESTYCJA ROKU.<\/p>\n\n\n\n<p>O innych realizacjach budowalnych firmy dowiecie si\u0119 Pa\u0144stwo na stronie&nbsp;<a href=\"http:\/\/www.piotr-pachucki.pl\/\">www.piotr-pachucki.pl<\/a><\/p>\n\n\n\n<div class=\"wp-block-buttons is-content-justification-left is-layout-flex wp-container-core-buttons-is-layout-fdcfc74e wp-block-buttons-is-layout-flex\"><\/div>\n\n\n\n<div style=\"height:40px\" aria-hidden=\"true\" class=\"wp-block-spacer\"><\/div>\n<\/div>\n\n\n\n<div class=\"wp-block-column is-vertically-aligned-center is-layout-flow wp-block-column-is-layout-flow\" style=\"flex-basis:50%\">\n<figure class=\"wp-block-image size-full\"><img loading=\"lazy\" decoding=\"async\" width=\"538\" height=\"768\" src=\"http:\/\/pachuckidevelopment.pl\/wp-content\/uploads\/2022\/05\/Pachucki-inwestycja-roku-2015.jpg\" alt=\"\" class=\"wp-image-50\" srcset=\"https:\/\/pachuckidevelopment.pl\/wp-content\/uploads\/2022\/05\/Pachucki-inwestycja-roku-2015.jpg 538w, https:\/\/pachuckidevelopment.pl\/wp-content\/uploads\/2022\/05\/Pachucki-inwestycja-roku-2015-210x300.jpg 210w\" sizes=\"auto, (max-width: 538px) 100vw, 538px\" \/><\/figure>\n<\/div>\n<\/div>\n\n\n\n<div style=\"height:40px\" aria-hidden=\"true\" class=\"wp-block-spacer\"><\/div>\n<\/div><\/div>\n<\/div><\/div>\n","protected":false},"excerpt":{"rendered":"","protected":false},"author":1,"featured_media":0,"parent":0,"menu_order":0,"comment_status":"closed","ping_status":"closed","template":"","meta":{"neve_meta_sidebar":"","neve_meta_container":"","neve_meta_enable_content_width":"on","neve_meta_content_width":100,"neve_meta_title_alignment":"","neve_meta_author_avatar":"","neve_post_elements_order":"","neve_meta_disable_header":"","neve_meta_disable_footer":"","neve_meta_disable_title":"on","footnotes":""},"class_list":["post-7","page","type-page","status-publish","hentry"],"aioseo_notices":[],"_links":{"self":[{"href":"https:\/\/pachuckidevelopment.pl\/index.php?rest_route=\/wp\/v2\/pages\/7","targetHints":{"allow":["GET"]}}],"collection":[{"href":"https:\/\/pachuckidevelopment.pl\/index.php?rest_route=\/wp\/v2\/pages"}],"about":[{"href":"https:\/\/pachuckidevelopment.pl\/index.php?rest_route=\/wp\/v2\/types\/page"}],"author":[{"embeddable":true,"href":"https:\/\/pachuckidevelopment.pl\/index.php?rest_route=\/wp\/v2\/users\/1"}],"replies":[{"embeddable":true,"href":"https:\/\/pachuckidevelopment.pl\/index.php?rest_route=%2Fwp%2Fv2%2Fcomments&post=7"}],"version-history":[{"count":13,"href":"https:\/\/pachuckidevelopment.pl\/index.php?rest_route=\/wp\/v2\/pages\/7\/revisions"}],"predecessor-version":[{"id":136,"href":"https:\/\/pachuckidevelopment.pl\/index.php?rest_route=\/wp\/v2\/pages\/7\/revisions\/136"}],"wp:attachment":[{"href":"https:\/\/pachuckidevelopment.pl\/index.php?rest_route=%2Fwp%2Fv2%2Fmedia&parent=7"}],"curies":[{"name":"wp","href":"https:\/\/api.w.org\/{rel}","templated":true}]}}