{"id":8,"date":"2022-05-18T07:34:42","date_gmt":"2022-05-18T07:34:42","guid":{"rendered":"http:\/\/pachuckidevelopment.pl\/?page_id=8"},"modified":"2022-06-23T07:36:58","modified_gmt":"2022-06-23T07:36:58","slug":"informacje","status":"publish","type":"page","link":"https:\/\/pachuckidevelopment.pl\/?page_id=8","title":{"rendered":"Kredyt"},"content":{"rendered":"\n<div class=\"wp-block-cover alignfull\" style=\"min-height:600px;aspect-ratio:unset;\"><span aria-hidden=\"true\" class=\"has-nv-light-bg-background-color has-background-dim-100 wp-block-cover__gradient-background has-background-dim\"><\/span><div class=\"wp-block-cover__inner-container is-layout-flow wp-block-cover-is-layout-flow\">\n<div class=\"wp-block-group\"><div class=\"wp-block-group__inner-container is-layout-flow wp-block-group-is-layout-flow\">\n<div style=\"height:80px\" aria-hidden=\"true\" class=\"wp-block-spacer\"><\/div>\n\n\n\n<div class=\"wp-block-columns are-vertically-aligned-center is-layout-flex wp-container-core-columns-is-layout-9d6595d7 wp-block-columns-is-layout-flex\">\n<div class=\"wp-block-column is-vertically-aligned-center is-layout-flow wp-block-column-is-layout-flow\" style=\"flex-basis:50%\">\n<h2 class=\"has-neve-link-color-color has-text-color wp-block-heading\">Finansowanie inwestycji<\/h2>\n\n\n\n<p class=\"has-neve-link-color-color has-text-color\">Partnerem Pachucki Development przy finansowaniu inwestycji deweloperskich jest najwi\u0119kszy krajowy bank \u2013 PKO Bank Polski S.A. Co wi\u0119cej \u015brodki wp\u0142acane przez nabywc\u00f3w mieszka\u0144, nie trafiaj\u0105 bezpo\u015brednio do Dewelopera, lecz deponowane s\u0105 na bankowych, mieszkaniowych rachunkach powierniczych. Kontrol\u0119 post\u0119pu prac na inwestycji prowadzi tak\u017ce bank PKO BP.<\/p>\n\n\n\n<p class=\"has-neve-link-color-color has-text-color\">Bezpo\u015bredni\u0105 obs\u0142ug\u0119 inwestycji \u015bwiadczy przyst\u0119pny mieszka\u0144com, oddzia\u0142 PKO Banku Polskiego w Biskupcu. Oddzia\u0142u banku przygotowa\u0142 specjaln\u0105 ofert\u0119 kredyt\u00f3w mieszkaniowych &#8211; zapraszamy do kontaktu z pracownikiem banku, dedykowanym do obs\u0142ugi klient\u00f3w Pachucki Development.<\/p>\n<\/div>\n\n\n\n<div class=\"wp-block-column is-vertically-aligned-center is-layout-flow wp-block-column-is-layout-flow\" style=\"flex-basis:50%\">\n<figure class=\"wp-block-image size-full size-large\"><img loading=\"lazy\" decoding=\"async\" width=\"762\" height=\"463\" src=\"http:\/\/pachuckidevelopment.pl\/wp-content\/uploads\/2022\/05\/PKO_Biskupiec.jpg\" alt=\"\" class=\"wp-image-88\" srcset=\"https:\/\/pachuckidevelopment.pl\/wp-content\/uploads\/2022\/05\/PKO_Biskupiec.jpg 762w, https:\/\/pachuckidevelopment.pl\/wp-content\/uploads\/2022\/05\/PKO_Biskupiec-300x182.jpg 300w\" sizes=\"auto, (max-width: 762px) 100vw, 762px\" \/><\/figure>\n<\/div>\n<\/div>\n\n\n\n<div style=\"height:40px\" aria-hidden=\"true\" class=\"wp-block-spacer\"><\/div>\n\n\n\n<div class=\"wp-block-group has-neve-link-hover-color-background-color has-background\"><div class=\"wp-block-group__inner-container is-layout-flow wp-block-group-is-layout-flow\">\n<h3 class=\"has-text-align-center has-neve-link-color-color has-text-color wp-block-heading\">Teresa Cie\u015bli\u0144ska<\/h3>\n\n\n\n<p class=\"has-text-align-center has-neve-link-color-color has-text-color\">Starszy Doradca w Zespole Bankowo\u015bci Hipotecznej<\/p>\n\n\n\n<p class=\"has-text-align-center has-neve-link-color-color has-text-color\">Telefon: 660&nbsp;820 750<br>Email: teresa.cieslinska@pkobp.pl<br>PKO BP, ul. Niepodleg\u0142o\u015bci 15, 11-300 Biskupiec<\/p>\n<\/div><\/div>\n<\/div><\/div>\n<\/div><\/div>\n","protected":false},"excerpt":{"rendered":"","protected":false},"author":1,"featured_media":0,"parent":0,"menu_order":0,"comment_status":"closed","ping_status":"closed","template":"","meta":{"neve_meta_sidebar":"","neve_meta_container":"","neve_meta_enable_content_width":"on","neve_meta_content_width":100,"neve_meta_title_alignment":"","neve_meta_author_avatar":"","neve_post_elements_order":"","neve_meta_disable_header":"","neve_meta_disable_footer":"","neve_meta_disable_title":"on","footnotes":""},"class_list":["post-8","page","type-page","status-publish","hentry"],"aioseo_notices":[],"_links":{"self":[{"href":"https:\/\/pachuckidevelopment.pl\/index.php?rest_route=\/wp\/v2\/pages\/8","targetHints":{"allow":["GET"]}}],"collection":[{"href":"https:\/\/pachuckidevelopment.pl\/index.php?rest_route=\/wp\/v2\/pages"}],"about":[{"href":"https:\/\/pachuckidevelopment.pl\/index.php?rest_route=\/wp\/v2\/types\/page"}],"author":[{"embeddable":true,"href":"https:\/\/pachuckidevelopment.pl\/index.php?rest_route=\/wp\/v2\/users\/1"}],"replies":[{"embeddable":true,"href":"https:\/\/pachuckidevelopment.pl\/index.php?rest_route=%2Fwp%2Fv2%2Fcomments&post=8"}],"version-history":[{"count":7,"href":"https:\/\/pachuckidevelopment.pl\/index.php?rest_route=\/wp\/v2\/pages\/8\/revisions"}],"predecessor-version":[{"id":137,"href":"https:\/\/pachuckidevelopment.pl\/index.php?rest_route=\/wp\/v2\/pages\/8\/revisions\/137"}],"wp:attachment":[{"href":"https:\/\/pachuckidevelopment.pl\/index.php?rest_route=%2Fwp%2Fv2%2Fmedia&parent=8"}],"curies":[{"name":"wp","href":"https:\/\/api.w.org\/{rel}","templated":true}]}}